{"id":83,"date":"2015-01-27T14:04:42","date_gmt":"2015-01-27T13:04:42","guid":{"rendered":"http:\/\/www.ecophoto.fr\/wordpress\/?page_id=83"},"modified":"2025-11-06T14:36:32","modified_gmt":"2025-11-06T13:36:32","slug":"mariage","status":"publish","type":"page","link":"https:\/\/www.ecophoto.fr\/nature\/services\/mariage\/","title":{"rendered":"Photographe de mariage"},"content":{"rendered":"<p style=\"text-align: justify;\">Vous souhaitez garder un souvenir inoubliable du plus beau jour de votre vie ?<\/p>\n<p style=\"text-align: justify;\">Vous \u00eates sensible au c\u00f4t\u00e9 artistique de la photographie ?<\/p>\n<p style=\"text-align: justify;\"><strong>Je r\u00e9alise pour vous les photos de votre mariage.<\/strong><\/p>\n<p style=\"text-align: justify;\"><strong><a href=\"http:\/\/www.ecophoto.fr\/mariage\" target=\"_blank\" rel=\"noopener\">Acc\u00e9der au site des mari\u00e9s<\/a><\/strong><\/p>\n<p>N&rsquo;h\u00e9sitez pas \u00e0 me contacter pour toute demande :<\/p>\n<div data-test='contact-form' id='contact-form-83' class='wp-block-jetpack-contact-form-container '>\n<form action='https:\/\/www.ecophoto.fr\/nature\/services\/mariage\/#contact-form-83' method='post' class='contact-form commentsblock' aria-label=\"Photographe de mariage\" novalidate>\n\n<div style=\"\" class='grunion-field-name-wrap grunion-field-wrap'  >\n<label\n\t\t\t\tfor='g83-nom'\n\t\t\t\tclass='grunion-field-label name'>Nom<span class=\"grunion-label-required\" aria-hidden=\"true\">(obligatoire)<\/span><\/label>\n<input\n\t\t\t\t\ttype='text'\n\t\t\t\t\tname='g83-nom'\n\t\t\t\t\tid='g83-nom'\n\t\t\t\t\tvalue=''\n\t\t\t\t\tclass='name  grunion-field' \n\t\t\t\t\trequired aria-required='true' \/>\n\t<\/div>\n\n<div style=\"\" class='grunion-field-email-wrap grunion-field-wrap'  >\n<label\n\t\t\t\tfor='g83-email'\n\t\t\t\tclass='grunion-field-label email'>E-mail<span class=\"grunion-label-required\" aria-hidden=\"true\">(obligatoire)<\/span><\/label>\n<input\n\t\t\t\t\ttype='email'\n\t\t\t\t\tname='g83-email'\n\t\t\t\t\tid='g83-email'\n\t\t\t\t\tvalue=''\n\t\t\t\t\tclass='email  grunion-field' \n\t\t\t\t\trequired aria-required='true' \/>\n\t<\/div>\n\n<div style=\"\" class='grunion-field-text-wrap grunion-field-wrap'  >\n<label\n\t\t\t\tfor='g83-datedevotremariage'\n\t\t\t\tclass='grunion-field-label text'>Date de votre mariage<\/label>\n<input\n\t\t\t\t\ttype='text'\n\t\t\t\t\tname='g83-datedevotremariage'\n\t\t\t\t\tid='g83-datedevotremariage'\n\t\t\t\t\tvalue=''\n\t\t\t\t\tclass='text  grunion-field' \n\t\t\t\t\t \/>\n\t<\/div>\n\n<div style=\"\" class='grunion-field-textarea-wrap grunion-field-wrap'  >\n<label\n\t\t\t\tfor='contact-form-comment-g83-votredemande'\n\t\t\t\tclass='grunion-field-label textarea'>Votre demande<span class=\"grunion-label-required\" aria-hidden=\"true\">(obligatoire)<\/span><\/label>\n<textarea\n\t\t                style=''\n\t\t                name='g83-votredemande'\n\t\t                id='contact-form-comment-g83-votredemande'\n\t\t                rows='20' class='textarea  grunion-field'  required aria-required='true'><\/textarea>\n\t<\/div>\n\t<p class='contact-submit'>\n\t\t<button type='submit' class='pushbutton-wide'>Envoyer<\/button>\t\t<input type='hidden' name='contact-form-id' value='83' \/>\n\t\t<input type='hidden' name='action' value='grunion-contact-form' \/>\n\t\t<input type='hidden' name='contact-form-hash' value='9e2d8d78234cc711c3a2b533dd87b8b756d50ac6' \/>\n\t<\/p>\n<p style=\"display: none !important;\" class=\"akismet-fields-container\" data-prefix=\"ak_\"><label>&#916;<textarea name=\"ak_hp_textarea\" cols=\"45\" rows=\"8\" maxlength=\"100\"><\/textarea><\/label><input type=\"hidden\" id=\"ak_js_1\" name=\"ak_js\" value=\"132\"\/><script>document.getElementById( \"ak_js_1\" ).setAttribute( \"value\", ( new Date() ).getTime() );<\/script><\/p><\/form>\n<\/div>\n","protected":false},"excerpt":{"rendered":"<p>Vous souhaitez garder un souvenir inoubliable du plus beau jour de votre vie ? Vous \u00eates sensible au c\u00f4t\u00e9 artistique de la photographie ? Je r\u00e9alise pour vous les photos de votre mariage. Acc\u00e9der au site des mari\u00e9s N&rsquo;h\u00e9sitez pas \u00e0 me contacter pour toute demande :<\/p>\n","protected":false},"author":1,"featured_media":0,"parent":2,"menu_order":0,"comment_status":"closed","ping_status":"closed","template":"","meta":{"jetpack_post_was_ever_published":false,"footnotes":""},"tags":[],"class_list":["post-83","page","type-page","status-publish","hentry"],"yoast_head":"<!-- This site is optimized with the Yoast SEO plugin v26.8 - https:\/\/yoast.com\/product\/yoast-seo-wordpress\/ -->\n<title>Photographe de mariage - ecophoto.fr<\/title>\n<meta name=\"robots\" content=\"index, follow, max-snippet:-1, max-image-preview:large, max-video-preview:-1\" \/>\n<link rel=\"canonical\" href=\"https:\/\/www.ecophoto.fr\/nature\/services\/mariage\/\" \/>\n<meta property=\"og:locale\" content=\"fr_FR\" \/>\n<meta property=\"og:type\" content=\"article\" \/>\n<meta property=\"og:title\" content=\"Photographe de mariage - ecophoto.fr\" \/>\n<meta property=\"og:description\" content=\"Vous souhaitez garder un souvenir inoubliable du plus beau jour de votre vie ? Vous \u00eates sensible au c\u00f4t\u00e9 artistique de la photographie ? Je r\u00e9alise pour vous les photos de votre mariage. Acc\u00e9der au site des mari\u00e9s N&rsquo;h\u00e9sitez pas \u00e0 me contacter pour toute demande :\" \/>\n<meta property=\"og:url\" content=\"https:\/\/www.ecophoto.fr\/nature\/services\/mariage\/\" \/>\n<meta property=\"og:site_name\" content=\"ecophoto.fr\" \/>\n<meta property=\"article:publisher\" content=\"https:\/\/www.facebook.com\/DavidMarlienPhotographie\" \/>\n<meta property=\"article:modified_time\" content=\"2025-11-06T13:36:32+00:00\" \/>\n<meta name=\"twitter:card\" content=\"summary_large_image\" \/>\n<meta name=\"twitter:label1\" content=\"Dur\u00e9e de lecture estim\u00e9e\" \/>\n\t<meta name=\"twitter:data1\" content=\"1 minute\" \/>\n<script type=\"application\/ld+json\" class=\"yoast-schema-graph\">{\"@context\":\"https:\/\/schema.org\",\"@graph\":[{\"@type\":\"WebPage\",\"@id\":\"https:\/\/www.ecophoto.fr\/nature\/services\/mariage\/\",\"url\":\"https:\/\/www.ecophoto.fr\/nature\/services\/mariage\/\",\"name\":\"Photographe de mariage - ecophoto.fr\",\"isPartOf\":{\"@id\":\"https:\/\/www.ecophoto.fr\/nature\/#website\"},\"datePublished\":\"2015-01-27T13:04:42+00:00\",\"dateModified\":\"2025-11-06T13:36:32+00:00\",\"breadcrumb\":{\"@id\":\"https:\/\/www.ecophoto.fr\/nature\/services\/mariage\/#breadcrumb\"},\"inLanguage\":\"fr-FR\",\"potentialAction\":[{\"@type\":\"ReadAction\",\"target\":[\"https:\/\/www.ecophoto.fr\/nature\/services\/mariage\/\"]}]},{\"@type\":\"BreadcrumbList\",\"@id\":\"https:\/\/www.ecophoto.fr\/nature\/services\/mariage\/#breadcrumb\",\"itemListElement\":[{\"@type\":\"ListItem\",\"position\":1,\"name\":\"Accueil\",\"item\":\"https:\/\/www.ecophoto.fr\/nature\/\"},{\"@type\":\"ListItem\",\"position\":2,\"name\":\"Services\",\"item\":\"https:\/\/www.ecophoto.fr\/nature\/services\/\"},{\"@type\":\"ListItem\",\"position\":3,\"name\":\"Photographe de mariage\"}]},{\"@type\":\"WebSite\",\"@id\":\"https:\/\/www.ecophoto.fr\/nature\/#website\",\"url\":\"https:\/\/www.ecophoto.fr\/nature\/\",\"name\":\"ecophoto.fr\",\"description\":\"Photographie animali\u00e8re et stage photo nature en Alsace et dans les Vosges par David Marlien\",\"publisher\":{\"@id\":\"https:\/\/www.ecophoto.fr\/nature\/#\/schema\/person\/425a0adb3da427491e1f55bd85665ad0\"},\"potentialAction\":[{\"@type\":\"SearchAction\",\"target\":{\"@type\":\"EntryPoint\",\"urlTemplate\":\"https:\/\/www.ecophoto.fr\/nature\/?s={search_term_string}\"},\"query-input\":{\"@type\":\"PropertyValueSpecification\",\"valueRequired\":true,\"valueName\":\"search_term_string\"}}],\"inLanguage\":\"fr-FR\"},{\"@type\":[\"Person\",\"Organization\"],\"@id\":\"https:\/\/www.ecophoto.fr\/nature\/#\/schema\/person\/425a0adb3da427491e1f55bd85665ad0\",\"name\":\"David Marlien\",\"image\":{\"@type\":\"ImageObject\",\"inLanguage\":\"fr-FR\",\"@id\":\"https:\/\/www.ecophoto.fr\/nature\/#\/schema\/person\/image\/\",\"url\":\"https:\/\/www.ecophoto.fr\/nature\/wp-content\/uploads\/2015\/01\/ecophoto.png\",\"contentUrl\":\"https:\/\/www.ecophoto.fr\/nature\/wp-content\/uploads\/2015\/01\/ecophoto.png\",\"width\":260,\"height\":90,\"caption\":\"David Marlien\"},\"logo\":{\"@id\":\"https:\/\/www.ecophoto.fr\/nature\/#\/schema\/person\/image\/\"},\"sameAs\":[\"https:\/\/www.facebook.com\/DavidMarlienPhotographie\",\"https:\/\/www.instagram.com\/ecophoto_fr\/\",\"https:\/\/www.youtube.com\/@Ecophoto\"]}]}<\/script>\n<!-- \/ Yoast SEO plugin. -->","yoast_head_json":{"title":"Photographe de mariage - ecophoto.fr","robots":{"index":"index","follow":"follow","max-snippet":"max-snippet:-1","max-image-preview":"max-image-preview:large","max-video-preview":"max-video-preview:-1"},"canonical":"https:\/\/www.ecophoto.fr\/nature\/services\/mariage\/","og_locale":"fr_FR","og_type":"article","og_title":"Photographe de mariage - ecophoto.fr","og_description":"Vous souhaitez garder un souvenir inoubliable du plus beau jour de votre vie ? Vous \u00eates sensible au c\u00f4t\u00e9 artistique de la photographie ? Je r\u00e9alise pour vous les photos de votre mariage. Acc\u00e9der au site des mari\u00e9s N&rsquo;h\u00e9sitez pas \u00e0 me contacter pour toute demande :","og_url":"https:\/\/www.ecophoto.fr\/nature\/services\/mariage\/","og_site_name":"ecophoto.fr","article_publisher":"https:\/\/www.facebook.com\/DavidMarlienPhotographie","article_modified_time":"2025-11-06T13:36:32+00:00","twitter_card":"summary_large_image","twitter_misc":{"Dur\u00e9e de lecture estim\u00e9e":"1 minute"},"schema":{"@context":"https:\/\/schema.org","@graph":[{"@type":"WebPage","@id":"https:\/\/www.ecophoto.fr\/nature\/services\/mariage\/","url":"https:\/\/www.ecophoto.fr\/nature\/services\/mariage\/","name":"Photographe de mariage - ecophoto.fr","isPartOf":{"@id":"https:\/\/www.ecophoto.fr\/nature\/#website"},"datePublished":"2015-01-27T13:04:42+00:00","dateModified":"2025-11-06T13:36:32+00:00","breadcrumb":{"@id":"https:\/\/www.ecophoto.fr\/nature\/services\/mariage\/#breadcrumb"},"inLanguage":"fr-FR","potentialAction":[{"@type":"ReadAction","target":["https:\/\/www.ecophoto.fr\/nature\/services\/mariage\/"]}]},{"@type":"BreadcrumbList","@id":"https:\/\/www.ecophoto.fr\/nature\/services\/mariage\/#breadcrumb","itemListElement":[{"@type":"ListItem","position":1,"name":"Accueil","item":"https:\/\/www.ecophoto.fr\/nature\/"},{"@type":"ListItem","position":2,"name":"Services","item":"https:\/\/www.ecophoto.fr\/nature\/services\/"},{"@type":"ListItem","position":3,"name":"Photographe de mariage"}]},{"@type":"WebSite","@id":"https:\/\/www.ecophoto.fr\/nature\/#website","url":"https:\/\/www.ecophoto.fr\/nature\/","name":"ecophoto.fr","description":"Photographie animali\u00e8re et stage photo nature en Alsace et dans les Vosges par David Marlien","publisher":{"@id":"https:\/\/www.ecophoto.fr\/nature\/#\/schema\/person\/425a0adb3da427491e1f55bd85665ad0"},"potentialAction":[{"@type":"SearchAction","target":{"@type":"EntryPoint","urlTemplate":"https:\/\/www.ecophoto.fr\/nature\/?s={search_term_string}"},"query-input":{"@type":"PropertyValueSpecification","valueRequired":true,"valueName":"search_term_string"}}],"inLanguage":"fr-FR"},{"@type":["Person","Organization"],"@id":"https:\/\/www.ecophoto.fr\/nature\/#\/schema\/person\/425a0adb3da427491e1f55bd85665ad0","name":"David Marlien","image":{"@type":"ImageObject","inLanguage":"fr-FR","@id":"https:\/\/www.ecophoto.fr\/nature\/#\/schema\/person\/image\/","url":"https:\/\/www.ecophoto.fr\/nature\/wp-content\/uploads\/2015\/01\/ecophoto.png","contentUrl":"https:\/\/www.ecophoto.fr\/nature\/wp-content\/uploads\/2015\/01\/ecophoto.png","width":260,"height":90,"caption":"David Marlien"},"logo":{"@id":"https:\/\/www.ecophoto.fr\/nature\/#\/schema\/person\/image\/"},"sameAs":["https:\/\/www.facebook.com\/DavidMarlienPhotographie","https:\/\/www.instagram.com\/ecophoto_fr\/","https:\/\/www.youtube.com\/@Ecophoto"]}]}},"jetpack_sharing_enabled":false,"jetpack_shortlink":"https:\/\/wp.me\/PaVvPY-1l","_links":{"self":[{"href":"https:\/\/www.ecophoto.fr\/nature\/wp-json\/wp\/v2\/pages\/83","targetHints":{"allow":["GET"]}}],"collection":[{"href":"https:\/\/www.ecophoto.fr\/nature\/wp-json\/wp\/v2\/pages"}],"about":[{"href":"https:\/\/www.ecophoto.fr\/nature\/wp-json\/wp\/v2\/types\/page"}],"author":[{"embeddable":true,"href":"https:\/\/www.ecophoto.fr\/nature\/wp-json\/wp\/v2\/users\/1"}],"replies":[{"embeddable":true,"href":"https:\/\/www.ecophoto.fr\/nature\/wp-json\/wp\/v2\/comments?post=83"}],"version-history":[{"count":10,"href":"https:\/\/www.ecophoto.fr\/nature\/wp-json\/wp\/v2\/pages\/83\/revisions"}],"predecessor-version":[{"id":2102,"href":"https:\/\/www.ecophoto.fr\/nature\/wp-json\/wp\/v2\/pages\/83\/revisions\/2102"}],"up":[{"embeddable":true,"href":"https:\/\/www.ecophoto.fr\/nature\/wp-json\/wp\/v2\/pages\/2"}],"wp:attachment":[{"href":"https:\/\/www.ecophoto.fr\/nature\/wp-json\/wp\/v2\/media?parent=83"}],"wp:term":[{"taxonomy":"post_tag","embeddable":true,"href":"https:\/\/www.ecophoto.fr\/nature\/wp-json\/wp\/v2\/tags?post=83"}],"curies":[{"name":"wp","href":"https:\/\/api.w.org\/{rel}","templated":true}]}}