{"id":494,"date":"2015-02-13T12:36:08","date_gmt":"2015-02-13T11:36:08","guid":{"rendered":"http:\/\/www.ecophoto.fr\/wordpress\/?page_id=494"},"modified":"2025-11-13T10:54:41","modified_gmt":"2025-11-13T09:54:41","slug":"site-internet","status":"publish","type":"page","link":"https:\/\/www.ecophoto.fr\/nature\/services\/site-internet\/","title":{"rendered":"Cr\u00e9er un site internet de A \u00e0 Z"},"content":{"rendered":"<p style=\"text-align: justify;\">Vous souhaitez cr\u00e9er ou renouveler votre site internet ?<\/p>\n<p style=\"text-align: justify;\">Vous aimez les choses simples, intuitives, et visuellement attrayantes et vous voulez en faire une v\u00e9ritable vitrine pour votre activit\u00e9 ?<\/p>\n<p style=\"text-align: justify;\"><strong>De la cr\u00e9ation du nom de domaine jusqu&rsquo;\u00e0 la mise en ligne, vous serez accompagn\u00e9 durant chaque \u00e9tape de la r\u00e9alisation de votre site.<\/strong><\/p>\n<p style=\"text-align: left;\">N&rsquo;h\u00e9sitez pas \u00e0 me contacter pour plus de renseignements :<\/p>\n<div data-test='contact-form' id='contact-form-494' class='wp-block-jetpack-contact-form-container '>\n<form action='https:\/\/www.ecophoto.fr\/nature\/services\/site-internet\/#contact-form-494' method='post' class='contact-form commentsblock' aria-label=\"Cr\u00e9er un site internet de A \u00e0 Z\" novalidate>\n\n<div style=\"\" class='grunion-field-name-wrap grunion-field-wrap'  >\n<label\n\t\t\t\tfor='g494-nom'\n\t\t\t\tclass='grunion-field-label name'>Nom<span class=\"grunion-label-required\" aria-hidden=\"true\">(obligatoire)<\/span><\/label>\n<input\n\t\t\t\t\ttype='text'\n\t\t\t\t\tname='g494-nom'\n\t\t\t\t\tid='g494-nom'\n\t\t\t\t\tvalue=''\n\t\t\t\t\tclass='name  grunion-field' \n\t\t\t\t\trequired aria-required='true' \/>\n\t<\/div>\n\n<div style=\"\" class='grunion-field-email-wrap grunion-field-wrap'  >\n<label\n\t\t\t\tfor='g494-email'\n\t\t\t\tclass='grunion-field-label email'>Email<span class=\"grunion-label-required\" aria-hidden=\"true\">(obligatoire)<\/span><\/label>\n<input\n\t\t\t\t\ttype='email'\n\t\t\t\t\tname='g494-email'\n\t\t\t\t\tid='g494-email'\n\t\t\t\t\tvalue=''\n\t\t\t\t\tclass='email  grunion-field' \n\t\t\t\t\trequired aria-required='true' \/>\n\t<\/div>\n\n<div style=\"\" class='grunion-field-url-wrap grunion-field-wrap'  >\n<label\n\t\t\t\tfor='g494-siteweb'\n\t\t\t\tclass='grunion-field-label url'>Site Web<\/label>\n<input\n\t\t\t\t\ttype='text'\n\t\t\t\t\tname='g494-siteweb'\n\t\t\t\t\tid='g494-siteweb'\n\t\t\t\t\tvalue=''\n\t\t\t\t\tclass='url  grunion-field' \n\t\t\t\t\ttitle=\"Veuillez saisir une URL valide - https:\/\/www.exemple.fr\" oninvalid=\"setCustomValidity(&quot;Veuillez saisir une URL valide - https:\/\/www.exemple.fr&quot;)\" oninput=\"setCustomValidity(&quot;&quot;)\" pattern=\"(?:(?:[Hh][Tt][Tt][Pp][Ss]?|[Ff][Tt][Pp]):\\\/\\\/)?(?:\\S+(?::\\S*)?@|\\d{1,3}(?:\\.\\d{1,3}){3}|(?:(?:[a-zA-Z\\d\\u00a1-\\uffff]+-?)*[a-zA-Z\\d\\u00a1-\\uffff]+)(?:\\.(?:[a-zA-Z\\d\\u00a1-\\uffff]+-?)*[a-zA-Z\\d\\u00a1-\\uffff]+)*(?:\\.[a-zA-Z\\u00a1-\\uffff]{2,6}))(?::\\d+)?(?:[^\\s]*)?\" data-type-override=\"url\"  \/>\n\t<\/div>\n\n<div style=\"\" class='grunion-field-textarea-wrap grunion-field-wrap'  >\n<label\n\t\t\t\tfor='contact-form-comment-g494-votremessage'\n\t\t\t\tclass='grunion-field-label textarea'>Votre message<span class=\"grunion-label-required\" aria-hidden=\"true\">(obligatoire)<\/span><\/label>\n<textarea\n\t\t                style=''\n\t\t                name='g494-votremessage'\n\t\t                id='contact-form-comment-g494-votremessage'\n\t\t                rows='20' class='textarea  grunion-field'  required aria-required='true'><\/textarea>\n\t<\/div>\n\t<p class='contact-submit'>\n\t\t<button type='submit' class='pushbutton-wide'>Envoyer<\/button>\t\t<input type='hidden' name='contact-form-id' value='494' \/>\n\t\t<input type='hidden' name='action' value='grunion-contact-form' \/>\n\t\t<input type='hidden' name='contact-form-hash' value='92b9cda04c3261e19d0719e26264eb2b9a4a1797' \/>\n\t<\/p>\n<p style=\"display: none !important;\" class=\"akismet-fields-container\" data-prefix=\"ak_\"><label>&#916;<textarea name=\"ak_hp_textarea\" cols=\"45\" rows=\"8\" maxlength=\"100\"><\/textarea><\/label><input type=\"hidden\" id=\"ak_js_1\" name=\"ak_js\" value=\"167\"\/><script>document.getElementById( \"ak_js_1\" ).setAttribute( \"value\", ( new Date() ).getTime() );<\/script><\/p><\/form>\n<\/div>\n","protected":false},"excerpt":{"rendered":"<p>Vous souhaitez cr\u00e9er ou renouveler votre site internet ? Vous aimez les choses simples, intuitives, et visuellement attrayantes et vous voulez en faire une v\u00e9ritable vitrine pour votre activit\u00e9 ? De la cr\u00e9ation du nom de domaine jusqu&rsquo;\u00e0 la mise en ligne, vous serez accompagn\u00e9 durant chaque \u00e9tape de la r\u00e9alisation de votre site. N&rsquo;h\u00e9sitez [&hellip;]<\/p>\n","protected":false},"author":1,"featured_media":0,"parent":2,"menu_order":0,"comment_status":"closed","ping_status":"closed","template":"","meta":{"jetpack_post_was_ever_published":false,"footnotes":""},"tags":[],"class_list":["post-494","page","type-page","status-publish","hentry"],"yoast_head":"<!-- This site is optimized with the Yoast SEO plugin v26.8 - https:\/\/yoast.com\/product\/yoast-seo-wordpress\/ -->\n<title>Cr\u00e9er un site internet de A \u00e0 Z - ecophoto.fr<\/title>\n<meta name=\"robots\" content=\"index, follow, max-snippet:-1, max-image-preview:large, max-video-preview:-1\" \/>\n<link rel=\"canonical\" href=\"https:\/\/www.ecophoto.fr\/nature\/services\/site-internet\/\" \/>\n<meta property=\"og:locale\" content=\"fr_FR\" \/>\n<meta property=\"og:type\" content=\"article\" \/>\n<meta property=\"og:title\" content=\"Cr\u00e9er un site internet de A \u00e0 Z - ecophoto.fr\" \/>\n<meta property=\"og:description\" content=\"Vous souhaitez cr\u00e9er ou renouveler votre site internet ? Vous aimez les choses simples, intuitives, et visuellement attrayantes et vous voulez en faire une v\u00e9ritable vitrine pour votre activit\u00e9 ? De la cr\u00e9ation du nom de domaine jusqu&rsquo;\u00e0 la mise en ligne, vous serez accompagn\u00e9 durant chaque \u00e9tape de la r\u00e9alisation de votre site. N&rsquo;h\u00e9sitez [&hellip;]\" \/>\n<meta property=\"og:url\" content=\"https:\/\/www.ecophoto.fr\/nature\/services\/site-internet\/\" \/>\n<meta property=\"og:site_name\" content=\"ecophoto.fr\" \/>\n<meta property=\"article:publisher\" content=\"https:\/\/www.facebook.com\/DavidMarlienPhotographie\" \/>\n<meta property=\"article:modified_time\" content=\"2025-11-13T09:54:41+00:00\" \/>\n<meta name=\"twitter:card\" content=\"summary_large_image\" \/>\n<meta name=\"twitter:label1\" content=\"Dur\u00e9e de lecture estim\u00e9e\" \/>\n\t<meta name=\"twitter:data1\" content=\"1 minute\" \/>\n<script type=\"application\/ld+json\" class=\"yoast-schema-graph\">{\"@context\":\"https:\/\/schema.org\",\"@graph\":[{\"@type\":\"WebPage\",\"@id\":\"https:\/\/www.ecophoto.fr\/nature\/services\/site-internet\/\",\"url\":\"https:\/\/www.ecophoto.fr\/nature\/services\/site-internet\/\",\"name\":\"Cr\u00e9er un site internet de A \u00e0 Z - ecophoto.fr\",\"isPartOf\":{\"@id\":\"https:\/\/www.ecophoto.fr\/nature\/#website\"},\"datePublished\":\"2015-02-13T11:36:08+00:00\",\"dateModified\":\"2025-11-13T09:54:41+00:00\",\"breadcrumb\":{\"@id\":\"https:\/\/www.ecophoto.fr\/nature\/services\/site-internet\/#breadcrumb\"},\"inLanguage\":\"fr-FR\",\"potentialAction\":[{\"@type\":\"ReadAction\",\"target\":[\"https:\/\/www.ecophoto.fr\/nature\/services\/site-internet\/\"]}]},{\"@type\":\"BreadcrumbList\",\"@id\":\"https:\/\/www.ecophoto.fr\/nature\/services\/site-internet\/#breadcrumb\",\"itemListElement\":[{\"@type\":\"ListItem\",\"position\":1,\"name\":\"Accueil\",\"item\":\"https:\/\/www.ecophoto.fr\/nature\/\"},{\"@type\":\"ListItem\",\"position\":2,\"name\":\"Services\",\"item\":\"https:\/\/www.ecophoto.fr\/nature\/services\/\"},{\"@type\":\"ListItem\",\"position\":3,\"name\":\"Cr\u00e9er un site internet de A \u00e0 Z\"}]},{\"@type\":\"WebSite\",\"@id\":\"https:\/\/www.ecophoto.fr\/nature\/#website\",\"url\":\"https:\/\/www.ecophoto.fr\/nature\/\",\"name\":\"ecophoto.fr\",\"description\":\"Photographie animali\u00e8re et stage photo nature en Alsace et dans les Vosges par David Marlien\",\"publisher\":{\"@id\":\"https:\/\/www.ecophoto.fr\/nature\/#\/schema\/person\/425a0adb3da427491e1f55bd85665ad0\"},\"potentialAction\":[{\"@type\":\"SearchAction\",\"target\":{\"@type\":\"EntryPoint\",\"urlTemplate\":\"https:\/\/www.ecophoto.fr\/nature\/?s={search_term_string}\"},\"query-input\":{\"@type\":\"PropertyValueSpecification\",\"valueRequired\":true,\"valueName\":\"search_term_string\"}}],\"inLanguage\":\"fr-FR\"},{\"@type\":[\"Person\",\"Organization\"],\"@id\":\"https:\/\/www.ecophoto.fr\/nature\/#\/schema\/person\/425a0adb3da427491e1f55bd85665ad0\",\"name\":\"David Marlien\",\"image\":{\"@type\":\"ImageObject\",\"inLanguage\":\"fr-FR\",\"@id\":\"https:\/\/www.ecophoto.fr\/nature\/#\/schema\/person\/image\/\",\"url\":\"https:\/\/www.ecophoto.fr\/nature\/wp-content\/uploads\/2015\/01\/ecophoto.png\",\"contentUrl\":\"https:\/\/www.ecophoto.fr\/nature\/wp-content\/uploads\/2015\/01\/ecophoto.png\",\"width\":260,\"height\":90,\"caption\":\"David Marlien\"},\"logo\":{\"@id\":\"https:\/\/www.ecophoto.fr\/nature\/#\/schema\/person\/image\/\"},\"sameAs\":[\"https:\/\/www.facebook.com\/DavidMarlienPhotographie\",\"https:\/\/www.instagram.com\/ecophoto_fr\/\",\"https:\/\/www.youtube.com\/@Ecophoto\"]}]}<\/script>\n<!-- \/ Yoast SEO plugin. -->","yoast_head_json":{"title":"Cr\u00e9er un site internet de A \u00e0 Z - ecophoto.fr","robots":{"index":"index","follow":"follow","max-snippet":"max-snippet:-1","max-image-preview":"max-image-preview:large","max-video-preview":"max-video-preview:-1"},"canonical":"https:\/\/www.ecophoto.fr\/nature\/services\/site-internet\/","og_locale":"fr_FR","og_type":"article","og_title":"Cr\u00e9er un site internet de A \u00e0 Z - ecophoto.fr","og_description":"Vous souhaitez cr\u00e9er ou renouveler votre site internet ? Vous aimez les choses simples, intuitives, et visuellement attrayantes et vous voulez en faire une v\u00e9ritable vitrine pour votre activit\u00e9 ? De la cr\u00e9ation du nom de domaine jusqu&rsquo;\u00e0 la mise en ligne, vous serez accompagn\u00e9 durant chaque \u00e9tape de la r\u00e9alisation de votre site. N&rsquo;h\u00e9sitez [&hellip;]","og_url":"https:\/\/www.ecophoto.fr\/nature\/services\/site-internet\/","og_site_name":"ecophoto.fr","article_publisher":"https:\/\/www.facebook.com\/DavidMarlienPhotographie","article_modified_time":"2025-11-13T09:54:41+00:00","twitter_card":"summary_large_image","twitter_misc":{"Dur\u00e9e de lecture estim\u00e9e":"1 minute"},"schema":{"@context":"https:\/\/schema.org","@graph":[{"@type":"WebPage","@id":"https:\/\/www.ecophoto.fr\/nature\/services\/site-internet\/","url":"https:\/\/www.ecophoto.fr\/nature\/services\/site-internet\/","name":"Cr\u00e9er un site internet de A \u00e0 Z - ecophoto.fr","isPartOf":{"@id":"https:\/\/www.ecophoto.fr\/nature\/#website"},"datePublished":"2015-02-13T11:36:08+00:00","dateModified":"2025-11-13T09:54:41+00:00","breadcrumb":{"@id":"https:\/\/www.ecophoto.fr\/nature\/services\/site-internet\/#breadcrumb"},"inLanguage":"fr-FR","potentialAction":[{"@type":"ReadAction","target":["https:\/\/www.ecophoto.fr\/nature\/services\/site-internet\/"]}]},{"@type":"BreadcrumbList","@id":"https:\/\/www.ecophoto.fr\/nature\/services\/site-internet\/#breadcrumb","itemListElement":[{"@type":"ListItem","position":1,"name":"Accueil","item":"https:\/\/www.ecophoto.fr\/nature\/"},{"@type":"ListItem","position":2,"name":"Services","item":"https:\/\/www.ecophoto.fr\/nature\/services\/"},{"@type":"ListItem","position":3,"name":"Cr\u00e9er un site internet de A \u00e0 Z"}]},{"@type":"WebSite","@id":"https:\/\/www.ecophoto.fr\/nature\/#website","url":"https:\/\/www.ecophoto.fr\/nature\/","name":"ecophoto.fr","description":"Photographie animali\u00e8re et stage photo nature en Alsace et dans les Vosges par David Marlien","publisher":{"@id":"https:\/\/www.ecophoto.fr\/nature\/#\/schema\/person\/425a0adb3da427491e1f55bd85665ad0"},"potentialAction":[{"@type":"SearchAction","target":{"@type":"EntryPoint","urlTemplate":"https:\/\/www.ecophoto.fr\/nature\/?s={search_term_string}"},"query-input":{"@type":"PropertyValueSpecification","valueRequired":true,"valueName":"search_term_string"}}],"inLanguage":"fr-FR"},{"@type":["Person","Organization"],"@id":"https:\/\/www.ecophoto.fr\/nature\/#\/schema\/person\/425a0adb3da427491e1f55bd85665ad0","name":"David Marlien","image":{"@type":"ImageObject","inLanguage":"fr-FR","@id":"https:\/\/www.ecophoto.fr\/nature\/#\/schema\/person\/image\/","url":"https:\/\/www.ecophoto.fr\/nature\/wp-content\/uploads\/2015\/01\/ecophoto.png","contentUrl":"https:\/\/www.ecophoto.fr\/nature\/wp-content\/uploads\/2015\/01\/ecophoto.png","width":260,"height":90,"caption":"David Marlien"},"logo":{"@id":"https:\/\/www.ecophoto.fr\/nature\/#\/schema\/person\/image\/"},"sameAs":["https:\/\/www.facebook.com\/DavidMarlienPhotographie","https:\/\/www.instagram.com\/ecophoto_fr\/","https:\/\/www.youtube.com\/@Ecophoto"]}]}},"jetpack_sharing_enabled":false,"jetpack_shortlink":"https:\/\/wp.me\/PaVvPY-7Y","_links":{"self":[{"href":"https:\/\/www.ecophoto.fr\/nature\/wp-json\/wp\/v2\/pages\/494","targetHints":{"allow":["GET"]}}],"collection":[{"href":"https:\/\/www.ecophoto.fr\/nature\/wp-json\/wp\/v2\/pages"}],"about":[{"href":"https:\/\/www.ecophoto.fr\/nature\/wp-json\/wp\/v2\/types\/page"}],"author":[{"embeddable":true,"href":"https:\/\/www.ecophoto.fr\/nature\/wp-json\/wp\/v2\/users\/1"}],"replies":[{"embeddable":true,"href":"https:\/\/www.ecophoto.fr\/nature\/wp-json\/wp\/v2\/comments?post=494"}],"version-history":[{"count":21,"href":"https:\/\/www.ecophoto.fr\/nature\/wp-json\/wp\/v2\/pages\/494\/revisions"}],"predecessor-version":[{"id":2132,"href":"https:\/\/www.ecophoto.fr\/nature\/wp-json\/wp\/v2\/pages\/494\/revisions\/2132"}],"up":[{"embeddable":true,"href":"https:\/\/www.ecophoto.fr\/nature\/wp-json\/wp\/v2\/pages\/2"}],"wp:attachment":[{"href":"https:\/\/www.ecophoto.fr\/nature\/wp-json\/wp\/v2\/media?parent=494"}],"wp:term":[{"taxonomy":"post_tag","embeddable":true,"href":"https:\/\/www.ecophoto.fr\/nature\/wp-json\/wp\/v2\/tags?post=494"}],"curies":[{"name":"wp","href":"https:\/\/api.w.org\/{rel}","templated":true}]}}