{"id":435,"date":"2015-01-31T08:18:26","date_gmt":"2015-01-31T07:18:26","guid":{"rendered":"http:\/\/www.ecophoto.fr\/wordpress\/?page_id=435"},"modified":"2023-05-23T09:56:51","modified_gmt":"2023-05-23T08:56:51","slug":"location","status":"publish","type":"page","link":"https:\/\/www.ecophoto.fr\/nature\/services\/location\/","title":{"rendered":"Location"},"content":{"rendered":"<p style=\"text-align: justify;\">Vous souhaitez d\u00e9corer temporairement les m\u00fbrs de votre entreprise ?<\/p>\n<p style=\"text-align: justify;\">Voil\u00e0 une excellente id\u00e9e qui ravira vos employ\u00e9s !<\/p>\n<p style=\"text-align: justify;\"><strong>Je dispose pour cela de plusieurs tirages grand format aux couleurs chatoyantes qui \u00e9gayeront votre quotidien.<\/strong><\/p>\n<p>Pour toute demande, merci de remplir le formulaire suivant et je vous recontacterai :<\/p>\n<div data-test='contact-form' id='contact-form-435' class='wp-block-jetpack-contact-form-container '>\n<form action='https:\/\/www.ecophoto.fr\/nature\/services\/location\/#contact-form-435' method='post' class='contact-form commentsblock' aria-label=\"Location\" novalidate>\n\n<div style=\"\" class='grunion-field-name-wrap grunion-field-wrap'  >\n<label\n\t\t\t\tfor='g435-nom'\n\t\t\t\tclass='grunion-field-label name'>Nom<span class=\"grunion-label-required\" aria-hidden=\"true\">(obligatoire)<\/span><\/label>\n<input\n\t\t\t\t\ttype='text'\n\t\t\t\t\tname='g435-nom'\n\t\t\t\t\tid='g435-nom'\n\t\t\t\t\tvalue=''\n\t\t\t\t\tclass='name  grunion-field' \n\t\t\t\t\trequired aria-required='true' \/>\n\t<\/div>\n\n<div style=\"\" class='grunion-field-email-wrap grunion-field-wrap'  >\n<label\n\t\t\t\tfor='g435-email'\n\t\t\t\tclass='grunion-field-label email'>Email<span class=\"grunion-label-required\" aria-hidden=\"true\">(obligatoire)<\/span><\/label>\n<input\n\t\t\t\t\ttype='email'\n\t\t\t\t\tname='g435-email'\n\t\t\t\t\tid='g435-email'\n\t\t\t\t\tvalue=''\n\t\t\t\t\tclass='email  grunion-field' \n\t\t\t\t\trequired aria-required='true' \/>\n\t<\/div>\n\n<div style=\"\" class='grunion-field-name-wrap grunion-field-wrap'  >\n<label\n\t\t\t\tfor='g435-entreprise'\n\t\t\t\tclass='grunion-field-label name'>Entreprise<\/label>\n<input\n\t\t\t\t\ttype='text'\n\t\t\t\t\tname='g435-entreprise'\n\t\t\t\t\tid='g435-entreprise'\n\t\t\t\t\tvalue=''\n\t\t\t\t\tclass='name  grunion-field' \n\t\t\t\t\t \/>\n\t<\/div>\n\n<div style=\"\" class='grunion-field-name-wrap grunion-field-wrap'  >\n<label\n\t\t\t\tfor='g435-numrodetlphone'\n\t\t\t\tclass='grunion-field-label name'>Num\u00e9ro de t\u00e9l\u00e9phone<\/label>\n<input\n\t\t\t\t\ttype='text'\n\t\t\t\t\tname='g435-numrodetlphone'\n\t\t\t\t\tid='g435-numrodetlphone'\n\t\t\t\t\tvalue=''\n\t\t\t\t\tclass='name  grunion-field' \n\t\t\t\t\t \/>\n\t<\/div>\n\n<div style=\"\" class='grunion-field-select-wrap grunion-field-wrap'  >\n<label\n\t\t\t\tfor='g435-nombredephotossouhait'\n\t\t\t\tclass='grunion-field-label select'>Nombre de photos souhait\u00e9<span class=\"grunion-label-required\" aria-hidden=\"true\">(obligatoire)<\/span><\/label>\n<div class='contact-form__select-wrapper'>\t<select name='g435-nombredephotossouhait' id='g435-nombredephotossouhait' class='select  grunion-field' required aria-required='true'>\n\t\t<option value='1'>1<\/option>\n\t\t<option value='entre 2 et 5'>entre 2 et 5<\/option>\n\t\t<option value='entre 6 et 10'>entre 6 et 10<\/option>\n\t\t<option value='entre 11 et 20'>entre 11 et 20<\/option>\n\t\t<option value='plus de 20'>plus de 20<\/option>\n\t<\/select>\n<\/div>\n\t<\/div>\n\n<div style=\"\" class='grunion-field-name-wrap grunion-field-wrap'  >\n<label\n\t\t\t\tfor='g435-duredelalocation'\n\t\t\t\tclass='grunion-field-label name'>Dur\u00e9e de la location<span class=\"grunion-label-required\" aria-hidden=\"true\">(obligatoire)<\/span><\/label>\n<input\n\t\t\t\t\ttype='text'\n\t\t\t\t\tname='g435-duredelalocation'\n\t\t\t\t\tid='g435-duredelalocation'\n\t\t\t\t\tvalue=''\n\t\t\t\t\tclass='name  grunion-field' \n\t\t\t\t\trequired aria-required='true' \/>\n\t<\/div>\n\n<div style=\"\" class='grunion-field-textarea-wrap grunion-field-wrap'  >\n<label\n\t\t\t\tfor='contact-form-comment-g435-commentaire'\n\t\t\t\tclass='grunion-field-label textarea'>Commentaire<\/label>\n<textarea\n\t\t                style=''\n\t\t                name='g435-commentaire'\n\t\t                id='contact-form-comment-g435-commentaire'\n\t\t                rows='20' class='textarea  grunion-field'  ><\/textarea>\n\t<\/div>\n\t<p class='contact-submit'>\n\t\t<button type='submit' class='pushbutton-wide'>Envoyer<\/button>\t\t<input type='hidden' name='contact-form-id' value='435' \/>\n\t\t<input type='hidden' name='action' value='grunion-contact-form' \/>\n\t\t<input type='hidden' name='contact-form-hash' value='e5bf65fe40da050db791ca682fb6320edaa64f9d' \/>\n\t<\/p>\n<p style=\"display: none !important;\" class=\"akismet-fields-container\" data-prefix=\"ak_\"><label>&#916;<textarea name=\"ak_hp_textarea\" cols=\"45\" rows=\"8\" maxlength=\"100\"><\/textarea><\/label><input type=\"hidden\" id=\"ak_js_1\" name=\"ak_js\" value=\"72\"\/><script>document.getElementById( \"ak_js_1\" ).setAttribute( \"value\", ( new Date() ).getTime() );<\/script><\/p><\/form>\n<\/div>\n","protected":false},"excerpt":{"rendered":"<p>Vous souhaitez d\u00e9corer temporairement les m\u00fbrs de votre entreprise ? Voil\u00e0 une excellente id\u00e9e qui ravira vos employ\u00e9s ! Je dispose pour cela de plusieurs tirages grand format aux couleurs chatoyantes qui \u00e9gayeront votre quotidien. Pour toute demande, merci de remplir le formulaire suivant et je vous recontacterai :<\/p>\n","protected":false},"author":1,"featured_media":0,"parent":2,"menu_order":0,"comment_status":"closed","ping_status":"closed","template":"","meta":{"jetpack_post_was_ever_published":false,"footnotes":""},"tags":[],"class_list":["post-435","page","type-page","status-publish","hentry"],"yoast_head":"<!-- This site is optimized with the Yoast SEO plugin v26.8 - https:\/\/yoast.com\/product\/yoast-seo-wordpress\/ -->\n<title>Location - ecophoto.fr<\/title>\n<meta name=\"robots\" content=\"index, follow, max-snippet:-1, max-image-preview:large, max-video-preview:-1\" \/>\n<link rel=\"canonical\" href=\"https:\/\/www.ecophoto.fr\/nature\/services\/location\/\" \/>\n<meta property=\"og:locale\" content=\"fr_FR\" \/>\n<meta property=\"og:type\" content=\"article\" \/>\n<meta property=\"og:title\" content=\"Location - ecophoto.fr\" \/>\n<meta property=\"og:description\" content=\"Vous souhaitez d\u00e9corer temporairement les m\u00fbrs de votre entreprise ? Voil\u00e0 une excellente id\u00e9e qui ravira vos employ\u00e9s ! Je dispose pour cela de plusieurs tirages grand format aux couleurs chatoyantes qui \u00e9gayeront votre quotidien. Pour toute demande, merci de remplir le formulaire suivant et je vous recontacterai :\" \/>\n<meta property=\"og:url\" content=\"https:\/\/www.ecophoto.fr\/nature\/services\/location\/\" \/>\n<meta property=\"og:site_name\" content=\"ecophoto.fr\" \/>\n<meta property=\"article:publisher\" content=\"https:\/\/www.facebook.com\/DavidMarlienPhotographie\" \/>\n<meta property=\"article:modified_time\" content=\"2023-05-23T08:56:51+00:00\" \/>\n<meta name=\"twitter:card\" content=\"summary_large_image\" \/>\n<meta name=\"twitter:label1\" content=\"Dur\u00e9e de lecture estim\u00e9e\" \/>\n\t<meta name=\"twitter:data1\" content=\"1 minute\" \/>\n<script type=\"application\/ld+json\" class=\"yoast-schema-graph\">{\"@context\":\"https:\/\/schema.org\",\"@graph\":[{\"@type\":\"WebPage\",\"@id\":\"https:\/\/www.ecophoto.fr\/nature\/services\/location\/\",\"url\":\"https:\/\/www.ecophoto.fr\/nature\/services\/location\/\",\"name\":\"Location - ecophoto.fr\",\"isPartOf\":{\"@id\":\"https:\/\/www.ecophoto.fr\/nature\/#website\"},\"datePublished\":\"2015-01-31T07:18:26+00:00\",\"dateModified\":\"2023-05-23T08:56:51+00:00\",\"breadcrumb\":{\"@id\":\"https:\/\/www.ecophoto.fr\/nature\/services\/location\/#breadcrumb\"},\"inLanguage\":\"fr-FR\",\"potentialAction\":[{\"@type\":\"ReadAction\",\"target\":[\"https:\/\/www.ecophoto.fr\/nature\/services\/location\/\"]}]},{\"@type\":\"BreadcrumbList\",\"@id\":\"https:\/\/www.ecophoto.fr\/nature\/services\/location\/#breadcrumb\",\"itemListElement\":[{\"@type\":\"ListItem\",\"position\":1,\"name\":\"Accueil\",\"item\":\"https:\/\/www.ecophoto.fr\/nature\/\"},{\"@type\":\"ListItem\",\"position\":2,\"name\":\"Services\",\"item\":\"https:\/\/www.ecophoto.fr\/nature\/services\/\"},{\"@type\":\"ListItem\",\"position\":3,\"name\":\"Location\"}]},{\"@type\":\"WebSite\",\"@id\":\"https:\/\/www.ecophoto.fr\/nature\/#website\",\"url\":\"https:\/\/www.ecophoto.fr\/nature\/\",\"name\":\"ecophoto.fr\",\"description\":\"Photographie animali\u00e8re et stage photo nature en Alsace et dans les Vosges par David Marlien\",\"publisher\":{\"@id\":\"https:\/\/www.ecophoto.fr\/nature\/#\/schema\/person\/425a0adb3da427491e1f55bd85665ad0\"},\"potentialAction\":[{\"@type\":\"SearchAction\",\"target\":{\"@type\":\"EntryPoint\",\"urlTemplate\":\"https:\/\/www.ecophoto.fr\/nature\/?s={search_term_string}\"},\"query-input\":{\"@type\":\"PropertyValueSpecification\",\"valueRequired\":true,\"valueName\":\"search_term_string\"}}],\"inLanguage\":\"fr-FR\"},{\"@type\":[\"Person\",\"Organization\"],\"@id\":\"https:\/\/www.ecophoto.fr\/nature\/#\/schema\/person\/425a0adb3da427491e1f55bd85665ad0\",\"name\":\"David Marlien\",\"image\":{\"@type\":\"ImageObject\",\"inLanguage\":\"fr-FR\",\"@id\":\"https:\/\/www.ecophoto.fr\/nature\/#\/schema\/person\/image\/\",\"url\":\"https:\/\/www.ecophoto.fr\/nature\/wp-content\/uploads\/2015\/01\/ecophoto.png\",\"contentUrl\":\"https:\/\/www.ecophoto.fr\/nature\/wp-content\/uploads\/2015\/01\/ecophoto.png\",\"width\":260,\"height\":90,\"caption\":\"David Marlien\"},\"logo\":{\"@id\":\"https:\/\/www.ecophoto.fr\/nature\/#\/schema\/person\/image\/\"},\"sameAs\":[\"https:\/\/www.facebook.com\/DavidMarlienPhotographie\",\"https:\/\/www.instagram.com\/ecophoto_fr\/\",\"https:\/\/www.youtube.com\/@Ecophoto\"]}]}<\/script>\n<!-- \/ Yoast SEO plugin. -->","yoast_head_json":{"title":"Location - ecophoto.fr","robots":{"index":"index","follow":"follow","max-snippet":"max-snippet:-1","max-image-preview":"max-image-preview:large","max-video-preview":"max-video-preview:-1"},"canonical":"https:\/\/www.ecophoto.fr\/nature\/services\/location\/","og_locale":"fr_FR","og_type":"article","og_title":"Location - ecophoto.fr","og_description":"Vous souhaitez d\u00e9corer temporairement les m\u00fbrs de votre entreprise ? Voil\u00e0 une excellente id\u00e9e qui ravira vos employ\u00e9s ! Je dispose pour cela de plusieurs tirages grand format aux couleurs chatoyantes qui \u00e9gayeront votre quotidien. Pour toute demande, merci de remplir le formulaire suivant et je vous recontacterai :","og_url":"https:\/\/www.ecophoto.fr\/nature\/services\/location\/","og_site_name":"ecophoto.fr","article_publisher":"https:\/\/www.facebook.com\/DavidMarlienPhotographie","article_modified_time":"2023-05-23T08:56:51+00:00","twitter_card":"summary_large_image","twitter_misc":{"Dur\u00e9e de lecture estim\u00e9e":"1 minute"},"schema":{"@context":"https:\/\/schema.org","@graph":[{"@type":"WebPage","@id":"https:\/\/www.ecophoto.fr\/nature\/services\/location\/","url":"https:\/\/www.ecophoto.fr\/nature\/services\/location\/","name":"Location - ecophoto.fr","isPartOf":{"@id":"https:\/\/www.ecophoto.fr\/nature\/#website"},"datePublished":"2015-01-31T07:18:26+00:00","dateModified":"2023-05-23T08:56:51+00:00","breadcrumb":{"@id":"https:\/\/www.ecophoto.fr\/nature\/services\/location\/#breadcrumb"},"inLanguage":"fr-FR","potentialAction":[{"@type":"ReadAction","target":["https:\/\/www.ecophoto.fr\/nature\/services\/location\/"]}]},{"@type":"BreadcrumbList","@id":"https:\/\/www.ecophoto.fr\/nature\/services\/location\/#breadcrumb","itemListElement":[{"@type":"ListItem","position":1,"name":"Accueil","item":"https:\/\/www.ecophoto.fr\/nature\/"},{"@type":"ListItem","position":2,"name":"Services","item":"https:\/\/www.ecophoto.fr\/nature\/services\/"},{"@type":"ListItem","position":3,"name":"Location"}]},{"@type":"WebSite","@id":"https:\/\/www.ecophoto.fr\/nature\/#website","url":"https:\/\/www.ecophoto.fr\/nature\/","name":"ecophoto.fr","description":"Photographie animali\u00e8re et stage photo nature en Alsace et dans les Vosges par David Marlien","publisher":{"@id":"https:\/\/www.ecophoto.fr\/nature\/#\/schema\/person\/425a0adb3da427491e1f55bd85665ad0"},"potentialAction":[{"@type":"SearchAction","target":{"@type":"EntryPoint","urlTemplate":"https:\/\/www.ecophoto.fr\/nature\/?s={search_term_string}"},"query-input":{"@type":"PropertyValueSpecification","valueRequired":true,"valueName":"search_term_string"}}],"inLanguage":"fr-FR"},{"@type":["Person","Organization"],"@id":"https:\/\/www.ecophoto.fr\/nature\/#\/schema\/person\/425a0adb3da427491e1f55bd85665ad0","name":"David Marlien","image":{"@type":"ImageObject","inLanguage":"fr-FR","@id":"https:\/\/www.ecophoto.fr\/nature\/#\/schema\/person\/image\/","url":"https:\/\/www.ecophoto.fr\/nature\/wp-content\/uploads\/2015\/01\/ecophoto.png","contentUrl":"https:\/\/www.ecophoto.fr\/nature\/wp-content\/uploads\/2015\/01\/ecophoto.png","width":260,"height":90,"caption":"David Marlien"},"logo":{"@id":"https:\/\/www.ecophoto.fr\/nature\/#\/schema\/person\/image\/"},"sameAs":["https:\/\/www.facebook.com\/DavidMarlienPhotographie","https:\/\/www.instagram.com\/ecophoto_fr\/","https:\/\/www.youtube.com\/@Ecophoto"]}]}},"jetpack_sharing_enabled":false,"jetpack_shortlink":"https:\/\/wp.me\/PaVvPY-71","_links":{"self":[{"href":"https:\/\/www.ecophoto.fr\/nature\/wp-json\/wp\/v2\/pages\/435","targetHints":{"allow":["GET"]}}],"collection":[{"href":"https:\/\/www.ecophoto.fr\/nature\/wp-json\/wp\/v2\/pages"}],"about":[{"href":"https:\/\/www.ecophoto.fr\/nature\/wp-json\/wp\/v2\/types\/page"}],"author":[{"embeddable":true,"href":"https:\/\/www.ecophoto.fr\/nature\/wp-json\/wp\/v2\/users\/1"}],"replies":[{"embeddable":true,"href":"https:\/\/www.ecophoto.fr\/nature\/wp-json\/wp\/v2\/comments?post=435"}],"version-history":[{"count":26,"href":"https:\/\/www.ecophoto.fr\/nature\/wp-json\/wp\/v2\/pages\/435\/revisions"}],"predecessor-version":[{"id":1981,"href":"https:\/\/www.ecophoto.fr\/nature\/wp-json\/wp\/v2\/pages\/435\/revisions\/1981"}],"up":[{"embeddable":true,"href":"https:\/\/www.ecophoto.fr\/nature\/wp-json\/wp\/v2\/pages\/2"}],"wp:attachment":[{"href":"https:\/\/www.ecophoto.fr\/nature\/wp-json\/wp\/v2\/media?parent=435"}],"wp:term":[{"taxonomy":"post_tag","embeddable":true,"href":"https:\/\/www.ecophoto.fr\/nature\/wp-json\/wp\/v2\/tags?post=435"}],"curies":[{"name":"wp","href":"https:\/\/api.w.org\/{rel}","templated":true}]}}