{"id":6925,"date":"2019-05-04T19:06:31","date_gmt":"2019-05-04T19:06:31","guid":{"rendered":"http:\/\/www.ecophoto.fr\/mariage\/?page_id=6925"},"modified":"2019-05-06T13:17:45","modified_gmt":"2019-05-06T13:17:45","slug":"auteur","status":"publish","type":"page","link":"http:\/\/www.ecophoto.fr\/mariage\/auteur\/","title":{"rendered":"L&rsquo;auteur"},"content":{"rendered":"\n<p>N\u00e9 en 1987, dipl\u00f4m\u00e9 d\u2019un master en biologie, j\u2019ai toujours \u00e9t\u00e9 \u00e9merveill\u00e9 par la nature dans laquelle je puise mon inspiration. Tr\u00e8s vite, il me sembla essentiel de trouver un moyen d&rsquo;exprimer cette sensibilit\u00e9 particuli\u00e8re.<\/p>\n\n\n\n<p>Le d\u00e9clic eu lieu en 2006, me faisant comprendre que la photographie offrait la possibilit\u00e9 de saisir et r\u00e9v\u00e9ler des instants d&rsquo;une beaut\u00e9 souvent insoup\u00e7onn\u00e9e. Au fil du temps, l&rsquo;image est devenue pour moi une fa\u00e7on de mettre en lumi\u00e8re les \u00e9motions qui me traversent quand parfois, sur les sommets, je me retrouve \u00e0 contempler un lever de soleil, ou le doux r\u00e9veil d&rsquo;un papillon sur sa fleur.<\/p>\n\n\n\n<p>Aujourd&rsquo;hui, j&rsquo;ai d\u00e9cid\u00e9 de mettre \u00e0 profit mon regard et mes comp\u00e9tences photographiques \u00e0 votre service.<\/p>\n\n\n\n<p>Vous pourrez d\u00e9couvrir plus en d\u00e9tails mon univers photographique en acc\u00e9dant \u00e0 la partie <em><a href=\"http:\/\/www.ecophoto.fr\/portfolio\/\">nature<\/a><\/em> du site.<\/p>\n","protected":false},"excerpt":{"rendered":"<p>N\u00e9 en 1987, dipl\u00f4m\u00e9 d\u2019un master en biologie, j\u2019ai toujours \u00e9t\u00e9 \u00e9merveill\u00e9 par la nature dans laquelle je puise mon [&hellip;]<\/p>\n","protected":false},"author":1,"featured_media":0,"parent":0,"menu_order":0,"comment_status":"closed","ping_status":"closed","template":"page-about.php","meta":{"footnotes":""},"class_list":["post-6925","page","type-page","status-publish","hentry"],"_links":{"self":[{"href":"http:\/\/www.ecophoto.fr\/mariage\/wp-json\/wp\/v2\/pages\/6925","targetHints":{"allow":["GET"]}}],"collection":[{"href":"http:\/\/www.ecophoto.fr\/mariage\/wp-json\/wp\/v2\/pages"}],"about":[{"href":"http:\/\/www.ecophoto.fr\/mariage\/wp-json\/wp\/v2\/types\/page"}],"author":[{"embeddable":true,"href":"http:\/\/www.ecophoto.fr\/mariage\/wp-json\/wp\/v2\/users\/1"}],"replies":[{"embeddable":true,"href":"http:\/\/www.ecophoto.fr\/mariage\/wp-json\/wp\/v2\/comments?post=6925"}],"version-history":[{"count":8,"href":"http:\/\/www.ecophoto.fr\/mariage\/wp-json\/wp\/v2\/pages\/6925\/revisions"}],"predecessor-version":[{"id":6973,"href":"http:\/\/www.ecophoto.fr\/mariage\/wp-json\/wp\/v2\/pages\/6925\/revisions\/6973"}],"wp:attachment":[{"href":"http:\/\/www.ecophoto.fr\/mariage\/wp-json\/wp\/v2\/media?parent=6925"}],"curies":[{"name":"wp","href":"https:\/\/api.w.org\/{rel}","templated":true}]}}